{"id":195,"date":"2022-09-02T19:22:03","date_gmt":"2022-09-02T18:22:03","guid":{"rendered":"https:\/\/globaldominiumservices.com\/intereduc\/?page_id=195"},"modified":"2022-09-02T19:47:38","modified_gmt":"2022-09-02T18:47:38","slug":"partners","status":"publish","type":"page","link":"https:\/\/globaldominiumservices.com\/intereduc\/partners\/","title":{"rendered":"Partners"},"content":{"rendered":"\n<ul class=\"wp-block-list\"><li>International Institute for Procurement en Market Research<br>L&rsquo;International Institute for Procurement and Market Research (IIPMR) est un leader mondial de la formation et de la certification dans le domaine des \u00e9tudes de march\u00e9 et de la gestion de la supply chain. Il est le concepteur de programmes de certification de renomm\u00e9e internationale tels que<\/li><\/ul>\n\n\n\n<p>Certified Supply Chain Associate (CSCA)<br>Certified Supply Chain Specialist (CSCS)<br>Certified Procurement Porfessional (CPP)<br>Certified Research Analyst (CRA)<br>Certified Research Expert (CRE)<br>Certified Research Professional (CRP)<br>IIPMR compte des membres inscrits provenant de plus de 74 pays qui ont obtenu des certifications en ligne, notamment des PDG, des managers de la supply chain, des procurement managers, des managers logistique, des consultants en strategic procurement, des responsables procurement, des acheteurs principaux, des acheteurs seniors, des responsables de la recherche et des analystes des \u00e9tudes de march\u00e9.<\/p>\n\n\n\n<p>IIPMR offre \u00e9galement des services d&rsquo;\u00e9tude de march\u00e9 et de conseil ax\u00e9s sur la supply chain \u00e0 des entreprises figurant parmi les 500 plus grandes du monde. Ce service est appel\u00e9 Procurement Intelligence ou Supply Chain Research.<\/p>\n\n\n\n<p>Les membres certifi\u00e9s de l&rsquo;IIPMR (CRA, CRE, CRP, CSCA, CSCS et CPP) sont reconnus dans le monde entier comme le signe d&rsquo;un professionnel qualifi\u00e9 de la recherche et de la supply chain management et sont obtenus par le biais d&rsquo;un examen et de la reconnaissance d&rsquo;un apprentissage ant\u00e9rieur pertinent.<\/p>\n\n\n\n<p>Site web : www.iipmr.com<\/p>\n\n\n\n<p>Chartered Institute of Logistics and Transport<br>Nous sommes le principal organisme professionnel pour tous ceux qui travaillent dans la supply chain, la logistique et le transport.<\/p>\n\n\n\n<p>Nous vous aidons, vous et votre organisation, \u00e0 acqu\u00e9rir les connaissances et les id\u00e9es dont vous avez besoin dans un monde moderne o\u00f9 les comp\u00e9tences en logistique et en transport sont importantes.<\/p>\n\n\n\n<p>Nous sommes l\u00e0 depuis longtemps<br>Nous avons d\u00e9but\u00e9 en 1919 et travaillons depuis lors avec la profession. L&rsquo;importance de notre secteur dans l&rsquo;\u00e9conomie mondiale s&rsquo;est accrue, tout comme notre croissance.<\/p>\n\n\n\n<p>Nous sommes pr\u00e9sents dans tout le secteur<br>O\u00f9 que vous travailliez. Quelle que soit votre sp\u00e9cialisation. Nos membres travaillent dans tous les secteurs de l&rsquo;industrie : Ports et usines, air et mer, planification des transports et de la demande, fret et entreposage. Dans un secteur qui repr\u00e9sente 12 % du PIB mondial, nous devons faire la diff\u00e9rence. Ensemble, en tant que professionnels.<\/p>\n\n\n\n<p>Nous sommes pr\u00e9sents dans le monde entier<br>Nous sommes d\u00e9sormais pr\u00e9sents dans plus de 30 pays \u00e0 travers le monde. Nous sommes une organisation mondiale de membres. Nos normes et votre statut de membre sont reconnus partout o\u00f9 vous allez et o\u00f9 vous travaillez. Nous influen\u00e7ons et fa\u00e7onnons les politiques gouvernementales dans de nombreuses \u00e9conomies. Nous dispensons un enseignement et une formation \u00e0 tous les niveaux et dans tous les secteurs. Nous sommes des professionnels.<\/p>\n\n\n\n<p>Nous pouvons \u00eatre votre partenaire de carri\u00e8re pour la vie<br>Nous commen\u00e7ons avec les \u00e9tudiants et soutenons leur carri\u00e8re jusqu&rsquo;\u00e0 ce qu&rsquo;ils deviennent professeurs, ministres ou directeurs de la supply chain. Qu&rsquo;il s&rsquo;agisse d&rsquo;\u00e9tudier un sujet, d&rsquo;obtenir une qualification, d&rsquo;identifier une meilleure pratique, d&rsquo;\u00e9valuer une autre organisation ou de rencontrer d&rsquo;autres professionnels. Vous avez des besoins diff\u00e9rents tout au long de votre vie professionnelle. En tant que partenaire de votre carri\u00e8re, nous vous accompagnons \u00e0 chaque \u00e9tape.<\/p>\n\n\n\n<p>Site web : www.ciltinternational.org<\/p>\n\n\n\n<p>All India Management Association<br>La All India Management Association (AIMA) est l&rsquo;organe national supr\u00eame de la profession de Manager en Inde. AIMA est une organisation \u00e0 but non lucratif, sans lobbying, qui travaille en \u00e9troite collaboration avec l&rsquo;industrie, le gouvernement, le monde universitaire et les \u00e9tudiants pour faire avancer la cause de la profession de Manager en Inde.<\/p>\n\n\n\n<p>AIMA compte plus de 38 000 membres et pr\u00e8s de 6 000 entreprises\/institutions membres, par l&rsquo;interm\u00e9diaire de 67 associations locales de gestion affili\u00e9es \u00e0 AIMA ; elle est repr\u00e9sent\u00e9e dans un certain nombre d&rsquo;organes d\u00e9cisionnels du gouvernement indien et d&rsquo;associations nationales.<\/p>\n\n\n\n<p>Cr\u00e9\u00e9e en 1957, AIMA a largement contribu\u00e9 \u00e0 l&rsquo;am\u00e9lioration des capacit\u00e9s de gestion dans le pays au fil des ans. AIMA offre divers services dans les domaines des tests, de l&rsquo;enseignement \u00e0 distance, du d\u00e9veloppement des comp\u00e9tences et de la formation, de la recherche, des publications, de la formation des cadres et des programmes de d\u00e9veloppement du management.<\/p>\n\n\n\n<p>Au cours des six derni\u00e8res d\u00e9cennies, AIMA a \u00e9volu\u00e9 avec les temps et a r\u00e9pondu aux besoins croissants de la communaut\u00e9 des managers d&rsquo;aujourd&rsquo;hui. Outre son dipl\u00f4me de troisi\u00e8me cycle en management, AIMA propose des programmes et des initiatives d&rsquo;actualit\u00e9 et orient\u00e9s vers l&rsquo;industrie pour aider les professionnels et les \u00e9tudiants en management \u00e0 rester en phase avec leur temps, tout en offrant des solutions commerciales de pointe aux organisations et aux institutions.<\/p>\n\n\n\n<p>En tant que pionnier de l&rsquo;enseignement \u00e0 distance, AIMA a toujours \u00e9t\u00e9 un pionnier, m\u00eame dans l&rsquo;espace num\u00e9rique. AIMA a \u00e9t\u00e9 l&rsquo;une des premi\u00e8res organisations \u00e0 proposer des tests surveill\u00e9s \u00e0 distance sur Internet au niveau national, et l&rsquo;une des premi\u00e8res \u00e0 proposer ses services en ligne. AIMA a rapidement acquis une expertise num\u00e9rique et est d\u00e9sormais en mesure de proposer ses programmes de management et ses solutions commerciales en mode physique, virtuel et hybride, selon les besoins du secteur.<\/p>\n\n\n\n<p>AIMA apporte \u00e9galement aux managers indiens les meilleures pratiques et techniques de management gr\u00e2ce \u00e0 de nombreuses collaborations \u00e9trang\u00e8res avec des organismes et institutions professionnels. AIMA est un membre important et de longue date de l&rsquo;Asian Association of Management Organisations (AAMO), qui promeut la gestion professionnelle dans la r\u00e9gion Asie-Pacifique. L&rsquo;Inde (AIMA) a pris la pr\u00e9sidence de l&rsquo;AAMO en 2019 et assurera le secr\u00e9tariat de l&rsquo;AAMO pour les trois prochaines ann\u00e9es. En outre, AIMA a d\u00e9velopp\u00e9 des associations \u00e9troites avec plusieurs universit\u00e9s et institutions internationales de premier plan, notamment l&rsquo;Universit\u00e9 de Berkeley &#8211; Californie, l&rsquo;UC Santa Cruz &#8211; Californie, le Symposium de Saint-Gall, Horasis, la Banque mondiale, pour n&rsquo;en citer que quelques-unes.<\/p>\n\n\n\n<p>La vision de l&rsquo;AIMA<br>\u00catre un leader dans le mouvement de d\u00e9veloppement du management.<\/p>\n\n\n\n<p>La mission de l&rsquo;AIMA<br>Nous aidons les individus et les organisations \u00e0 r\u00e9aliser leur potentiel.<\/p>\n\n\n\n<p>Site web : www.aima.in<\/p>\n","protected":false},"excerpt":{"rendered":"<p>International Institute for Procurement en Market ResearchL&rsquo;International Institute for Procurement and Market Research (IIPMR) est un leader mondial de la<\/p>\n","protected":false},"author":1,"featured_media":0,"parent":0,"menu_order":0,"comment_status":"closed","ping_status":"closed","template":"","meta":{"footnotes":""},"class_list":["post-195","page","type-page","status-publish","hentry"],"_links":{"self":[{"href":"https:\/\/globaldominiumservices.com\/intereduc\/wp-json\/wp\/v2\/pages\/195","targetHints":{"allow":["GET"]}}],"collection":[{"href":"https:\/\/globaldominiumservices.com\/intereduc\/wp-json\/wp\/v2\/pages"}],"about":[{"href":"https:\/\/globaldominiumservices.com\/intereduc\/wp-json\/wp\/v2\/types\/page"}],"author":[{"embeddable":true,"href":"https:\/\/globaldominiumservices.com\/intereduc\/wp-json\/wp\/v2\/users\/1"}],"replies":[{"embeddable":true,"href":"https:\/\/globaldominiumservices.com\/intereduc\/wp-json\/wp\/v2\/comments?post=195"}],"version-history":[{"count":1,"href":"https:\/\/globaldominiumservices.com\/intereduc\/wp-json\/wp\/v2\/pages\/195\/revisions"}],"predecessor-version":[{"id":196,"href":"https:\/\/globaldominiumservices.com\/intereduc\/wp-json\/wp\/v2\/pages\/195\/revisions\/196"}],"wp:attachment":[{"href":"https:\/\/globaldominiumservices.com\/intereduc\/wp-json\/wp\/v2\/media?parent=195"}],"curies":[{"name":"wp","href":"https:\/\/api.w.org\/{rel}","templated":true}]}}