{"id":130,"date":"2022-09-02T16:31:13","date_gmt":"2022-09-02T15:31:13","guid":{"rendered":"https:\/\/globaldominiumservices.com\/intereduc\/?page_id=130"},"modified":"2022-09-02T20:18:32","modified_gmt":"2022-09-02T19:18:32","slug":"home","status":"publish","type":"page","link":"https:\/\/globaldominiumservices.com\/intereduc\/","title":{"rendered":"Home"},"content":{"rendered":"\t\t<div data-elementor-type=\"wp-page\" data-elementor-id=\"130\" class=\"elementor elementor-130\">\n\t\t\t\t\t\t<section class=\"elementor-section elementor-top-section elementor-element elementor-element-81c3417 elementor-section-full_width elementor-section-height-min-height elementor-section-height-default elementor-section-items-middle\" data-id=\"81c3417\" data-element_type=\"section\" data-e-type=\"section\" data-settings=\"{&quot;background_background&quot;:&quot;classic&quot;}\">\n\t\t\t\t\t\t<div class=\"elementor-container elementor-column-gap-extended\">\n\t\t\t\t\t<div class=\"elementor-column elementor-col-100 elementor-top-column elementor-element elementor-element-72e6d55\" data-id=\"72e6d55\" data-element_type=\"column\" data-e-type=\"column\">\n\t\t\t<div class=\"elementor-widget-wrap elementor-element-populated\">\n\t\t\t\t\t\t<div class=\"elementor-element elementor-element-b8a83e2 elementor-widget elementor-widget-heading\" data-id=\"b8a83e2\" data-element_type=\"widget\" data-e-type=\"widget\" data-widget_type=\"heading.default\">\n\t\t\t\t<div class=\"elementor-widget-container\">\n\t\t\t\t\t<h2 class=\"elementor-heading-title elementor-size-default\">Rejoignez-nous pour combler le gap de la formation<\/h2>\t\t\t\t<\/div>\n\t\t\t\t<\/div>\n\t\t\t\t<div class=\"elementor-element elementor-element-685aa80 elementor-widget elementor-widget-text-editor\" data-id=\"685aa80\" data-element_type=\"widget\" data-e-type=\"widget\" data-widget_type=\"text-editor.default\">\n\t\t\t\t<div class=\"elementor-widget-container\">\n\t\t\t\t\t\t\t\t\t<p>Nous sommes constamment ouverts aux possibilit\u00e9s de partenariat avec des \u00e9tablissements d&rsquo;enseignement progressistes et des acteurs du changement mondial.<\/p>\t\t\t\t\t\t\t\t<\/div>\n\t\t\t\t<\/div>\n\t\t\t\t\t<\/div>\n\t\t<\/div>\n\t\t\t\t\t<\/div>\n\t\t<\/section>\n\t\t\t\t<section class=\"elementor-section elementor-top-section elementor-element elementor-element-f49f22a elementor-section-boxed elementor-section-height-default elementor-section-height-default\" data-id=\"f49f22a\" data-element_type=\"section\" data-e-type=\"section\">\n\t\t\t\t\t\t<div class=\"elementor-container elementor-column-gap-default\">\n\t\t\t\t\t<div class=\"elementor-column elementor-col-100 elementor-top-column elementor-element elementor-element-946946b\" data-id=\"946946b\" data-element_type=\"column\" data-e-type=\"column\">\n\t\t\t<div class=\"elementor-widget-wrap elementor-element-populated\">\n\t\t\t\t\t\t<div class=\"elementor-element elementor-element-ad64957 elementor-widget elementor-widget-text-editor\" data-id=\"ad64957\" data-element_type=\"widget\" data-e-type=\"widget\" data-widget_type=\"text-editor.default\">\n\t\t\t\t<div class=\"elementor-widget-container\">\n\t\t\t\t\t\t\t\t\t<p>Vous \u00eates dipl\u00f4m\u00e9 et souhaitez \u00e9tudier \u00e0 l&rsquo;\u00e9tranger ? Si c&rsquo;est le cas, ne vous inqui\u00e9tez pas de trouver la solution la plus simple pour r\u00e9aliser vos r\u00eaves. La GDS s&rsquo;occupe de vous. Notre \u00e9quipe d&rsquo;experts en conseil est enti\u00e8rement \u00e9quip\u00e9e pour vous proposer des options d&rsquo;\u00e9tudes rapides dans des universit\u00e9s \u00e9trang\u00e8res reconnues et de classe mondiale. Soyez l&rsquo;un des premiers \u00e0 conna\u00eetre les options d&rsquo;\u00e9tudes rentables en visitant notre bureau.<\/p><p>GDS a \u00e9t\u00e9 cr\u00e9\u00e9 par un groupe de consultants en \u00e9ducation. Il promet une consultation d&rsquo;enseignement sup\u00e9rieur de classe mondiale pour diverses cat\u00e9gories d&rsquo;\u00e9tudiants au Cameroun et dans la sous-r\u00e9gion de l&rsquo;Afrique centrale.\u00a0 Nos membres fondateurs peuvent comprendre vos exp\u00e9riences malencontreuses. Gr\u00e2ce \u00e0 leur pers\u00e9v\u00e9rance, nos fondateurs sont devenus des sp\u00e9cialistes dans leur domaine d&rsquo;expertise. Ainsi, installez-vous confortablement et laissez vos r\u00eaves s&rsquo;envoler avec la GDS.<\/p><p>Notre objectif est d&rsquo;\u00e9largir les possibilit\u00e9s d&rsquo;\u00e9ducation internationale pour les \u00e9tudiants camerounais, au niveau du premier cycle et du troisi\u00e8me cycle. Notre force r\u00e9side dans l&rsquo;\u00e9valuation et l&rsquo;orientation de chaque \u00e9tudiant potentiel avec une attention et un soin in\u00e9gal\u00e9s. Nos consultants hautement qualifi\u00e9s s&rsquo;engagent \u00e0 r\u00e9pondre \u00e0 tous vos besoins en mati\u00e8re d&rsquo;enseignement sup\u00e9rieur. Nous offrons des conseils complets pour vous aider dans vos d\u00e9marches d&rsquo;admission, de visa et d&rsquo;\u00e9tablissement de mani\u00e8re rapide et pratique.<\/p><p>GDS d\u00e9ploie des efforts sans pr\u00e9c\u00e9dent pour affiner les comp\u00e9tences g\u00e9n\u00e9rales des \u00e9tudiants, n\u00e9cessaires pour r\u00e9ussir en tant que citoyen du monde.<\/p><p>Contactez-nous d\u00e8s aujourd&rsquo;hui pour prendre rendez-vous avec notre \u00e9quipe de conseillers experts et faites partie d&rsquo;une aventure r\u00e9ussie.<\/p><p>Pour vos inscriptions vers les pays\u00a0:<\/p><ul><li>Espagne<\/li><li>FINLANDE<\/li><li>Allemagne<\/li><li>AUSTRALIE<\/li><li>CANADA<\/li><li>IRLANDE<\/li><li>SINGAPOUR<\/li><\/ul>\t\t\t\t\t\t\t\t<\/div>\n\t\t\t\t<\/div>\n\t\t\t\t\t<\/div>\n\t\t<\/div>\n\t\t\t\t\t<\/div>\n\t\t<\/section>\n\t\t\t\t<\/div>\n\t\t","protected":false},"excerpt":{"rendered":"<p>Rejoignez-nous pour combler le gap de la formation Nous sommes constamment ouverts aux possibilit\u00e9s de partenariat avec des \u00e9tablissements d&rsquo;enseignement<\/p>\n","protected":false},"author":1,"featured_media":0,"parent":0,"menu_order":0,"comment_status":"closed","ping_status":"closed","template":"elementor_header_footer","meta":{"footnotes":""},"class_list":["post-130","page","type-page","status-publish","hentry"],"_links":{"self":[{"href":"https:\/\/globaldominiumservices.com\/intereduc\/wp-json\/wp\/v2\/pages\/130","targetHints":{"allow":["GET"]}}],"collection":[{"href":"https:\/\/globaldominiumservices.com\/intereduc\/wp-json\/wp\/v2\/pages"}],"about":[{"href":"https:\/\/globaldominiumservices.com\/intereduc\/wp-json\/wp\/v2\/types\/page"}],"author":[{"embeddable":true,"href":"https:\/\/globaldominiumservices.com\/intereduc\/wp-json\/wp\/v2\/users\/1"}],"replies":[{"embeddable":true,"href":"https:\/\/globaldominiumservices.com\/intereduc\/wp-json\/wp\/v2\/comments?post=130"}],"version-history":[{"count":55,"href":"https:\/\/globaldominiumservices.com\/intereduc\/wp-json\/wp\/v2\/pages\/130\/revisions"}],"predecessor-version":[{"id":209,"href":"https:\/\/globaldominiumservices.com\/intereduc\/wp-json\/wp\/v2\/pages\/130\/revisions\/209"}],"wp:attachment":[{"href":"https:\/\/globaldominiumservices.com\/intereduc\/wp-json\/wp\/v2\/media?parent=130"}],"curies":[{"name":"wp","href":"https:\/\/api.w.org\/{rel}","templated":true}]}}